{"id":135,"date":"2018-01-21T11:38:29","date_gmt":"2018-01-21T10:38:29","guid":{"rendered":"https:\/\/archiv.oton-giessen.de\/?page_id=135"},"modified":"2020-04-14T22:32:45","modified_gmt":"2020-04-14T20:32:45","slug":"seite-1","status":"publish","type":"page","link":"https:\/\/archiv.oton-giessen.de\/?page_id=135","title":{"rendered":"Stimme im Beruf"},"content":{"rendered":"<p>[et_pb_section fb_built=&#8220;1&#8243; _builder_version=&#8220;3.22&#8243; custom_padding=&#8220;10px|0px|49.5938px|0px&#8220;][et_pb_row _builder_version=&#8220;3.25&#8243; background_size=&#8220;initial&#8220; background_position=&#8220;top_left&#8220; background_repeat=&#8220;repeat&#8220; custom_padding=&#8220;5px|0px|0px|0px&#8220;][et_pb_column type=&#8220;4_4&#8243; _builder_version=&#8220;3.25&#8243; custom_padding=&#8220;|||&#8220; custom_padding__hover=&#8220;|||&#8220;][et_pb_slider show_arrows=&#8220;off&#8220; show_pagination=&#8220;off&#8220; admin_label=&#8220;Slider Stimme im Beruf&#8220; _builder_version=&#8220;3.16&#8243; box_shadow_style=&#8220;preset6&#8243; box_shadow_blur=&#8220;10px&#8220; box_shadow_color=&#8220;rgba(0,0,0,0.1)&#8220; show_inner_shadow=&#8220;on&#8220; button_text_size__hover_enabled=&#8220;off&#8220; button_one_text_size__hover_enabled=&#8220;off&#8220; button_two_text_size__hover_enabled=&#8220;off&#8220; button_text_color__hover_enabled=&#8220;off&#8220; button_one_text_color__hover_enabled=&#8220;off&#8220; button_two_text_color__hover_enabled=&#8220;off&#8220; button_border_width__hover_enabled=&#8220;off&#8220; button_one_border_width__hover_enabled=&#8220;off&#8220; button_two_border_width__hover_enabled=&#8220;off&#8220; button_border_color__hover_enabled=&#8220;off&#8220; button_one_border_color__hover_enabled=&#8220;off&#8220; button_two_border_color__hover_enabled=&#8220;off&#8220; button_border_radius__hover_enabled=&#8220;off&#8220; button_one_border_radius__hover_enabled=&#8220;off&#8220; button_two_border_radius__hover_enabled=&#8220;off&#8220; button_letter_spacing__hover_enabled=&#8220;off&#8220; button_one_letter_spacing__hover_enabled=&#8220;off&#8220; button_two_letter_spacing__hover_enabled=&#8220;off&#8220; button_bg_color__hover_enabled=&#8220;off&#8220; button_one_bg_color__hover_enabled=&#8220;off&#8220; button_two_bg_color__hover_enabled=&#8220;off&#8220;][et_pb_slide use_bg_overlay=&#8220;off&#8220; use_text_overlay=&#8220;off&#8220; admin_title=&#8220;slider Stimme 01&#8243; _builder_version=&#8220;3.16&#8243; background_color=&#8220;#ffffff&#8220; background_image=&#8220;https:\/\/archiv.oton-giessen.de\/wp-content\/uploads\/2018\/05\/stimme_beruf_02.jpg&#8220; button_on_hover=&#8220;on&#8220; button_text_size__hover_enabled=&#8220;off&#8220; button_one_text_size__hover_enabled=&#8220;off&#8220; button_two_text_size__hover_enabled=&#8220;off&#8220; button_text_color__hover_enabled=&#8220;off&#8220; button_one_text_color__hover_enabled=&#8220;off&#8220; button_two_text_color__hover_enabled=&#8220;off&#8220; button_border_width__hover_enabled=&#8220;off&#8220; button_one_border_width__hover_enabled=&#8220;off&#8220; button_two_border_width__hover_enabled=&#8220;off&#8220; button_border_color__hover_enabled=&#8220;off&#8220; button_one_border_color__hover_enabled=&#8220;off&#8220; button_two_border_color__hover_enabled=&#8220;off&#8220; button_border_radius__hover_enabled=&#8220;off&#8220; button_one_border_radius__hover_enabled=&#8220;off&#8220; button_two_border_radius__hover_enabled=&#8220;off&#8220; button_letter_spacing__hover_enabled=&#8220;off&#8220; button_one_letter_spacing__hover_enabled=&#8220;off&#8220; button_two_letter_spacing__hover_enabled=&#8220;off&#8220; button_bg_color__hover_enabled=&#8220;off&#8220; button_one_bg_color__hover_enabled=&#8220;off&#8220; button_two_bg_color__hover_enabled=&#8220;off&#8220;][\/et_pb_slide][\/et_pb_slider][et_pb_text admin_label=&#8220;\u00dcberschrift Sie haben gut reden&#8220; _builder_version=&#8220;4.4.2&#8243; background_color=&#8220;rgba(0,0,0,0)&#8220; custom_padding=&#8220;18px||||false|false&#8220;]<\/p>\n<h4 class=\"p1\"><span class=\"s1\">Sie haben gut reden<\/span><\/h4>\n<p>[\/et_pb_text][\/et_pb_column][\/et_pb_row][et_pb_row column_structure=&#8220;1_2,1_2&#8243; _builder_version=&#8220;3.25&#8243; background_size=&#8220;initial&#8220; background_position=&#8220;top_left&#8220; background_repeat=&#8220;repeat&#8220;][et_pb_column type=&#8220;1_2&#8243; _builder_version=&#8220;3.25&#8243; custom_padding=&#8220;|||&#8220; custom_padding__hover=&#8220;|||&#8220;][et_pb_text admin_label=&#8220;Text Stimme 01&#8243; _builder_version=&#8220;4.4.2&#8243;]<\/p>\n<p class=\"p3\"><span class=\"s1\">Sie kennen vielleicht folgende Situation:<br \/><\/span><span class=\"s1\">Sie kommen nach einem vollen Tag nachhause, freuen sich eigentlich auf die bevorstehende Chorprobe oder das nette Zusammensein mit ihrer Familie oder Freunden, aber sie haben einfach keine Lust mehr den Mund aufzumachen. Ihre Stimme ist nach getaner Arbeit belegt und angestrengt, Sprechen f\u00fchlt sich m\u00fchsam an und die allgemeine Befindlichkeit pegelt sich seit einiger Zeit im Bereich verspannter Kurzatmigkeit ein.<\/span><\/p>\n<p class=\"p3\"><span class=\"s1\">Zum Gl\u00fcck l\u00e4sst sich das \u00e4ndern.<\/span><\/p>\n<p>[\/et_pb_text][\/et_pb_column][et_pb_column type=&#8220;1_2&#8243; _builder_version=&#8220;3.25&#8243; custom_padding=&#8220;|||&#8220; custom_padding__hover=&#8220;|||&#8220;][et_pb_text admin_label=&#8220;Text Stimme 02&#8243; _builder_version=&#8220;3.27.4&#8243;]<\/p>\n<p class=\"p3\"><span class=\"s1\">Wir analysieren gemeinsam die kommunikativen Anforderungen, die an Sie und ihre Stimme gestellt werden, um anschlie\u00dfend in einem ma\u00dfgeschneiderten \u00dcbungsangebot eine gesunde und selbstbewusste Sprechweise f\u00fcr sie entwickeln zu k\u00f6nnen. Sie entdecken dabei ihren ganz eigenen Stil und lernen, dass gute Kommunikation nichts mit Verausgabung zu tun hat.<\/span><\/p>\n<p class=\"p3\"><span class=\"s1\">Effektives Sprech-und Stimmtraining f\u00fcr Menschen in stimmintensiven Berufen wie z.B. Lehrer, Berater, F\u00fchrungskr\u00e4fte, \u00c4rzte, Politiker, Telefonisten<\/span><\/p>\n<ul class=\"ul1\">\n<li class=\"li3\"><span class=\"s1\">Einzelunterricht (45 oder 60 min.)<\/span><\/li>\n<li class=\"li3\"><span class=\"s1\">Oton Workshop, max. 12 TN<\/span><\/li>\n<\/ul>\n<p>[\/et_pb_text][\/et_pb_column][\/et_pb_row][\/et_pb_section]<\/p>\n","protected":false},"excerpt":{"rendered":"<p>Sie haben gut redenSie kennen vielleicht folgende Situation:Sie kommen nach einem vollen Tag nachhause, freuen sich eigentlich auf die bevorstehende Chorprobe oder das nette Zusammensein mit ihrer Familie oder Freunden, aber sie haben einfach keine Lust mehr den Mund aufzumachen. Ihre Stimme ist nach getaner Arbeit belegt und angestrengt, Sprechen f\u00fchlt sich m\u00fchsam an und [&hellip;]<\/p>\n","protected":false},"author":2,"featured_media":0,"parent":0,"menu_order":0,"comment_status":"closed","ping_status":"closed","template":"","meta":{"_et_pb_use_builder":"on","_et_pb_old_content":"","_et_gb_content_width":"","footnotes":""},"class_list":["post-135","page","type-page","status-publish","hentry"],"_links":{"self":[{"href":"https:\/\/archiv.oton-giessen.de\/index.php?rest_route=\/wp\/v2\/pages\/135","targetHints":{"allow":["GET"]}}],"collection":[{"href":"https:\/\/archiv.oton-giessen.de\/index.php?rest_route=\/wp\/v2\/pages"}],"about":[{"href":"https:\/\/archiv.oton-giessen.de\/index.php?rest_route=\/wp\/v2\/types\/page"}],"author":[{"embeddable":true,"href":"https:\/\/archiv.oton-giessen.de\/index.php?rest_route=\/wp\/v2\/users\/2"}],"replies":[{"embeddable":true,"href":"https:\/\/archiv.oton-giessen.de\/index.php?rest_route=%2Fwp%2Fv2%2Fcomments&post=135"}],"version-history":[{"count":21,"href":"https:\/\/archiv.oton-giessen.de\/index.php?rest_route=\/wp\/v2\/pages\/135\/revisions"}],"predecessor-version":[{"id":973,"href":"https:\/\/archiv.oton-giessen.de\/index.php?rest_route=\/wp\/v2\/pages\/135\/revisions\/973"}],"wp:attachment":[{"href":"https:\/\/archiv.oton-giessen.de\/index.php?rest_route=%2Fwp%2Fv2%2Fmedia&parent=135"}],"curies":[{"name":"wp","href":"https:\/\/api.w.org\/{rel}","templated":true}]}}