{"id":143,"date":"2018-01-21T11:50:52","date_gmt":"2018-01-21T10:50:52","guid":{"rendered":"https:\/\/archiv.oton-giessen.de\/?page_id=143"},"modified":"2020-06-03T13:03:36","modified_gmt":"2020-06-03T11:03:36","slug":"impressum","status":"publish","type":"page","link":"https:\/\/archiv.oton-giessen.de\/?page_id=143","title":{"rendered":"Impressum"},"content":{"rendered":"<p>[et_pb_section fb_built=&#8220;1&#8243; admin_label=&#8220;Impressum&#8220; _builder_version=&#8220;3.22&#8243; custom_padding=&#8220;10px|0px|49.5938px|0px&#8220;][et_pb_row admin_label=&#8220;Impressum&#8220; _builder_version=&#8220;3.25&#8243; background_size=&#8220;initial&#8220; background_position=&#8220;top_left&#8220; background_repeat=&#8220;repeat&#8220; custom_padding=&#8220;10px|0px|24.7969px|0px&#8220;][et_pb_column type=&#8220;4_4&#8243; _builder_version=&#8220;3.25&#8243; custom_padding=&#8220;|||&#8220; custom_padding__hover=&#8220;|||&#8220;][et_pb_text admin_label=&#8220;Impressum&#8220; _builder_version=&#8220;3.27.4&#8243;]<\/p>\n<h4>Impressum<\/h4>\n<p class=\"p1\"><span class=\"s1\">Claudia Velten<br \/>Atem- , Sprech- und Stimmlehrerin<br \/>L\u00f6berstr. 11<br \/>35390 Gie\u00dfen<\/span><\/p>\n<p>Telefon: 0641 | 350 99 864 0<br \/>Telefax: 0641 | 350 99 864 2<\/p>\n<p class=\"p1\"><span class=\"s1\">E-Mail: kontakt@oton-giessen.de<\/span><\/p>\n<p class=\"p1\"><span class=\"s1\">Berufshaftpflichtversicherung:<br \/>AXA Versicherung AG betreut durch Conceptif AG, Barmbeker Str. 2-6, 22303 Hamburg<br \/>R\u00e4umlicher Geltungsbereich: Deutschland<br \/><\/span><\/p>\n<p class=\"p1\"><span class=\"s1\">Zust\u00e4ndige Aufsichtsbeh\u00f6rde:<br \/>Landkreis Gie\u00dfen, Der Kreisausschuss &#8211; FD Gesundheit<br \/>Riversplatz 1-9 , Geb\u00e4ude D, 35394 Gie\u00dfen<br \/><\/span><\/p>\n<p class=\"p3\"><span class=\"s2\">Quelle:\u00a0<a href=\"https:\/\/www.ra-plutte.de\/impressum-generator\/\"><span class=\"s3\">www.ra-plutte.de\/impressum-generator\/<\/span><\/a><\/span><\/p>\n<p class=\"p3\"><span class=\"s1\">Design + Realisierung: edelweiss-marketing.com<br \/>Fotos: Thorsten Indra Photography | Hans Reinard | Christian Roth | privat<br \/><\/span><\/p>\n<p>[\/et_pb_text][\/et_pb_column][\/et_pb_row][\/et_pb_section]<\/p>\n","protected":false},"excerpt":{"rendered":"<p>Impressum Claudia VeltenAtem- , Sprech- und StimmlehrerinL\u00f6berstr. 1135390 Gie\u00dfen Telefon: 0641 | 350 99 864 0Telefax: 0641 | 350 99 864 2 E-Mail: kontakt@oton-giessen.de Berufshaftpflichtversicherung:AXA Versicherung AG betreut durch Conceptif AG, Barmbeker Str. 2-6, 22303 HamburgR\u00e4umlicher Geltungsbereich: Deutschland Zust\u00e4ndige Aufsichtsbeh\u00f6rde:Landkreis Gie\u00dfen, Der Kreisausschuss &#8211; FD GesundheitRiversplatz 1-9 , Geb\u00e4ude D, 35394 Gie\u00dfen Quelle:\u00a0www.ra-plutte.de\/impressum-generator\/ Design + [&hellip;]<\/p>\n","protected":false},"author":2,"featured_media":0,"parent":0,"menu_order":0,"comment_status":"closed","ping_status":"closed","template":"","meta":{"_et_pb_use_builder":"on","_et_pb_old_content":"","_et_gb_content_width":"","footnotes":""},"class_list":["post-143","page","type-page","status-publish","hentry"],"_links":{"self":[{"href":"https:\/\/archiv.oton-giessen.de\/index.php?rest_route=\/wp\/v2\/pages\/143","targetHints":{"allow":["GET"]}}],"collection":[{"href":"https:\/\/archiv.oton-giessen.de\/index.php?rest_route=\/wp\/v2\/pages"}],"about":[{"href":"https:\/\/archiv.oton-giessen.de\/index.php?rest_route=\/wp\/v2\/types\/page"}],"author":[{"embeddable":true,"href":"https:\/\/archiv.oton-giessen.de\/index.php?rest_route=\/wp\/v2\/users\/2"}],"replies":[{"embeddable":true,"href":"https:\/\/archiv.oton-giessen.de\/index.php?rest_route=%2Fwp%2Fv2%2Fcomments&post=143"}],"version-history":[{"count":13,"href":"https:\/\/archiv.oton-giessen.de\/index.php?rest_route=\/wp\/v2\/pages\/143\/revisions"}],"predecessor-version":[{"id":641,"href":"https:\/\/archiv.oton-giessen.de\/index.php?rest_route=\/wp\/v2\/pages\/143\/revisions\/641"}],"wp:attachment":[{"href":"https:\/\/archiv.oton-giessen.de\/index.php?rest_route=%2Fwp%2Fv2%2Fmedia&parent=143"}],"curies":[{"name":"wp","href":"https:\/\/api.w.org\/{rel}","templated":true}]}}