{"id":212,"date":"2018-03-11T22:14:55","date_gmt":"2018-03-11T21:14:55","guid":{"rendered":"https:\/\/archiv.oton-giessen.de\/?page_id=212"},"modified":"2020-04-14T22:30:42","modified_gmt":"2020-04-14T20:30:42","slug":"seite-4","status":"publish","type":"page","link":"https:\/\/archiv.oton-giessen.de\/?page_id=212","title":{"rendered":"K\u00fcnstlerische Textgestaltung"},"content":{"rendered":"<p>[et_pb_section fb_built=&#8220;1&#8243; _builder_version=&#8220;3.22&#8243; custom_padding=&#8220;10px|0px|49.5938px|0px&#8220;][et_pb_row _builder_version=&#8220;3.25&#8243; custom_padding=&#8220;7px|0px|0px|0px&#8220;][et_pb_column type=&#8220;4_4&#8243; _builder_version=&#8220;3.25&#8243; custom_padding=&#8220;|||&#8220; custom_padding__hover=&#8220;|||&#8220;][et_pb_slider show_arrows=&#8220;off&#8220; show_pagination=&#8220;off&#8220; admin_label=&#8220;Slider Textgestaltung&#8220; _builder_version=&#8220;3.16&#8243; auto=&#8220;on&#8220; button_text_size__hover_enabled=&#8220;off&#8220; button_one_text_size__hover_enabled=&#8220;off&#8220; button_two_text_size__hover_enabled=&#8220;off&#8220; button_text_color__hover_enabled=&#8220;off&#8220; button_one_text_color__hover_enabled=&#8220;off&#8220; button_two_text_color__hover_enabled=&#8220;off&#8220; button_border_width__hover_enabled=&#8220;off&#8220; button_one_border_width__hover_enabled=&#8220;off&#8220; button_two_border_width__hover_enabled=&#8220;off&#8220; button_border_color__hover_enabled=&#8220;off&#8220; button_one_border_color__hover_enabled=&#8220;off&#8220; button_two_border_color__hover_enabled=&#8220;off&#8220; button_border_radius__hover_enabled=&#8220;off&#8220; button_one_border_radius__hover_enabled=&#8220;off&#8220; button_two_border_radius__hover_enabled=&#8220;off&#8220; button_letter_spacing__hover_enabled=&#8220;off&#8220; button_one_letter_spacing__hover_enabled=&#8220;off&#8220; button_two_letter_spacing__hover_enabled=&#8220;off&#8220; button_bg_color__hover_enabled=&#8220;off&#8220; button_one_bg_color__hover_enabled=&#8220;off&#8220; button_two_bg_color__hover_enabled=&#8220;off&#8220;][et_pb_slide use_bg_overlay=&#8220;off&#8220; use_text_overlay=&#8220;off&#8220; admin_title=&#8220;slider textgest 03&#8243; _builder_version=&#8220;3.16&#8243; background_image=&#8220;https:\/\/archiv.oton-giessen.de\/wp-content\/uploads\/2018\/05\/textgest_03.jpg&#8220; button_on_hover=&#8220;on&#8220; button_text_size__hover_enabled=&#8220;off&#8220; button_one_text_size__hover_enabled=&#8220;off&#8220; button_two_text_size__hover_enabled=&#8220;off&#8220; button_text_color__hover_enabled=&#8220;off&#8220; button_one_text_color__hover_enabled=&#8220;off&#8220; button_two_text_color__hover_enabled=&#8220;off&#8220; button_border_width__hover_enabled=&#8220;off&#8220; button_one_border_width__hover_enabled=&#8220;off&#8220; button_two_border_width__hover_enabled=&#8220;off&#8220; button_border_color__hover_enabled=&#8220;off&#8220; button_one_border_color__hover_enabled=&#8220;off&#8220; button_two_border_color__hover_enabled=&#8220;off&#8220; button_border_radius__hover_enabled=&#8220;off&#8220; button_one_border_radius__hover_enabled=&#8220;off&#8220; button_two_border_radius__hover_enabled=&#8220;off&#8220; button_letter_spacing__hover_enabled=&#8220;off&#8220; button_one_letter_spacing__hover_enabled=&#8220;off&#8220; button_two_letter_spacing__hover_enabled=&#8220;off&#8220; button_bg_color__hover_enabled=&#8220;off&#8220; button_one_bg_color__hover_enabled=&#8220;off&#8220; button_two_bg_color__hover_enabled=&#8220;off&#8220;][\/et_pb_slide][\/et_pb_slider][et_pb_text admin_label=&#8220;\u00dcberschrift&#8220; _builder_version=&#8220;3.27.4&#8243;]<\/p>\n<h4 class=\"p1\"><span class=\"s1\">LYRIK live!<\/span><\/h4>\n<p>[\/et_pb_text][\/et_pb_column][\/et_pb_row][et_pb_row _builder_version=&#8220;3.25&#8243; background_size=&#8220;initial&#8220; background_position=&#8220;top_left&#8220; background_repeat=&#8220;repeat&#8220; column_structure=&#8220;1_2,1_2&#8243;][et_pb_column type=&#8220;1_2&#8243; _builder_version=&#8220;3.25&#8243; custom_padding=&#8220;|||&#8220; custom_padding__hover=&#8220;|||&#8220;][et_pb_text admin_label=&#8220;Textgestaltung 01&#8243; _builder_version=&#8220;3.27.4&#8243;]<\/p>\n<p class=\"p3\"><span class=\"s1\">Ochn\u00f6\u00f6\u00f6h, blo\u00df kein Gedicht!<\/span><\/p>\n<p class=\"p3\"><span class=\"s1\">Das sagen viele, wenn sie eins vortragen sollen. Entweder standen Gedichte nur als formale und nonverbale Wortger\u00fcste im Raum, die man als Hausaufgabe mit gelangweilt analytischem Bem\u00fchen hinter sich bringen musste. Oder man fragte sich, was das alles mit einem selbst zu tun haben soll. Schlie\u00dflich spricht man am liebsten von Dingen, die man selbst begriffen hat.<\/span><\/p>\n<p class=\"p3\"><span class=\"s1\">In Lyrik live! geht es um eine Entdeckungsreise hin zu den innewohnenden Bilder unsrer Sprache. Wir erkunden \u00fcber die Ausdruckm\u00f6glichkeiten von Stimme, Atmung und Bewegung den Inhalt. <\/span><\/p>\n<p>[\/et_pb_text][\/et_pb_column][et_pb_column type=&#8220;1_2&#8243; _builder_version=&#8220;3.25&#8243; custom_padding=&#8220;|||&#8220; custom_padding__hover=&#8220;|||&#8220;][et_pb_text admin_label=&#8220;Textgestaltung 02&#8243; _builder_version=&#8220;3.27.4&#8243;]<\/p>\n<p class=\"p3\"><span class=\"s1\">Sp\u00fcren dem Gestus der Lautgestalt im spielerischen und artikulatorischen Begreifen nach. Voraussetzung f\u00fcr diese experimentierfreudige Ann\u00e4hrung an Gedichte sind Offenheit, Neugier und eine Portion Mut. Nie bleibt es in dieser Auseinandersetzung bei totgesagten und runtergeleierten Buchstaben, meistens bekommt Lyrik in ihrer Form dann eine ganz eigene, lebendige Note. N\u00e4mlich Ihre!<\/span><\/p>\n<ul class=\"ul1\">\n<li class=\"li3\"><span class=\"s1\">Einzelunterricht 45 oder 60 min.<\/span><\/li>\n<li class=\"li3\"><span class=\"s1\">Gruppenangebot in Institutionen, wie z.B. Schule und Hochschule<\/span><\/li>\n<\/ul>\n<p>[\/et_pb_text][\/et_pb_column][\/et_pb_row][\/et_pb_section]<\/p>\n","protected":false},"excerpt":{"rendered":"<p>LYRIK live! Ochn\u00f6\u00f6\u00f6h, blo\u00df kein Gedicht! Das sagen viele, wenn sie eins vortragen sollen. Entweder standen Gedichte nur als formale und nonverbale Wortger\u00fcste im Raum, die man als Hausaufgabe mit gelangweilt analytischem Bem\u00fchen hinter sich bringen musste. Oder man fragte sich, was das alles mit einem selbst zu tun haben soll. Schlie\u00dflich spricht man am [&hellip;]<\/p>\n","protected":false},"author":2,"featured_media":0,"parent":0,"menu_order":0,"comment_status":"closed","ping_status":"closed","template":"","meta":{"_et_pb_use_builder":"on","_et_pb_old_content":"","_et_gb_content_width":"","footnotes":""},"class_list":["post-212","page","type-page","status-publish","hentry"],"_links":{"self":[{"href":"https:\/\/archiv.oton-giessen.de\/index.php?rest_route=\/wp\/v2\/pages\/212","targetHints":{"allow":["GET"]}}],"collection":[{"href":"https:\/\/archiv.oton-giessen.de\/index.php?rest_route=\/wp\/v2\/pages"}],"about":[{"href":"https:\/\/archiv.oton-giessen.de\/index.php?rest_route=\/wp\/v2\/types\/page"}],"author":[{"embeddable":true,"href":"https:\/\/archiv.oton-giessen.de\/index.php?rest_route=\/wp\/v2\/users\/2"}],"replies":[{"embeddable":true,"href":"https:\/\/archiv.oton-giessen.de\/index.php?rest_route=%2Fwp%2Fv2%2Fcomments&post=212"}],"version-history":[{"count":17,"href":"https:\/\/archiv.oton-giessen.de\/index.php?rest_route=\/wp\/v2\/pages\/212\/revisions"}],"predecessor-version":[{"id":610,"href":"https:\/\/archiv.oton-giessen.de\/index.php?rest_route=\/wp\/v2\/pages\/212\/revisions\/610"}],"wp:attachment":[{"href":"https:\/\/archiv.oton-giessen.de\/index.php?rest_route=%2Fwp%2Fv2%2Fmedia&parent=212"}],"curies":[{"name":"wp","href":"https:\/\/api.w.org\/{rel}","templated":true}]}}