{"id":235,"date":"2018-04-06T20:48:47","date_gmt":"2018-04-06T18:48:47","guid":{"rendered":"https:\/\/archiv.oton-giessen.de\/?page_id=235"},"modified":"2020-04-14T22:33:23","modified_gmt":"2020-04-14T20:33:23","slug":"moderieren-praesentieren","status":"publish","type":"page","link":"https:\/\/archiv.oton-giessen.de\/?page_id=235","title":{"rendered":"Moderieren &#038; Pr\u00e4sentieren"},"content":{"rendered":"<p>[et_pb_section fb_built=&#8220;1&#8243; _builder_version=&#8220;3.22&#8243; custom_padding=&#8220;10px|0px|49.5938px|0px&#8220;][et_pb_row _builder_version=&#8220;3.25&#8243; background_size=&#8220;initial&#8220; background_position=&#8220;top_left&#8220; background_repeat=&#8220;repeat&#8220; custom_padding=&#8220;5px|0px|0px|0px&#8220; border_style_all=&#8220;none&#8220;][et_pb_column type=&#8220;4_4&#8243; _builder_version=&#8220;3.25&#8243; custom_padding=&#8220;|||&#8220; custom_padding__hover=&#8220;|||&#8220;][et_pb_slider show_arrows=&#8220;off&#8220; show_pagination=&#8220;off&#8220; disabled_on=&#8220;on||&#8220; admin_label=&#8220;Slider Mod+Pr\u00e4s&#8220; _builder_version=&#8220;3.16&#8243; border_style_all=&#8220;none&#8220; box_shadow_style=&#8220;preset6&#8243; box_shadow_blur=&#8220;10px&#8220; box_shadow_color=&#8220;rgba(0,0,0,0.1)&#8220; button_text_size__hover_enabled=&#8220;off&#8220; button_one_text_size__hover_enabled=&#8220;off&#8220; button_two_text_size__hover_enabled=&#8220;off&#8220; button_text_color__hover_enabled=&#8220;off&#8220; button_one_text_color__hover_enabled=&#8220;off&#8220; button_two_text_color__hover_enabled=&#8220;off&#8220; button_border_width__hover_enabled=&#8220;off&#8220; button_one_border_width__hover_enabled=&#8220;off&#8220; button_two_border_width__hover_enabled=&#8220;off&#8220; button_border_color__hover_enabled=&#8220;off&#8220; button_one_border_color__hover_enabled=&#8220;off&#8220; button_two_border_color__hover_enabled=&#8220;off&#8220; button_border_radius__hover_enabled=&#8220;off&#8220; button_one_border_radius__hover_enabled=&#8220;off&#8220; button_two_border_radius__hover_enabled=&#8220;off&#8220; button_letter_spacing__hover_enabled=&#8220;off&#8220; button_one_letter_spacing__hover_enabled=&#8220;off&#8220; button_two_letter_spacing__hover_enabled=&#8220;off&#8220; button_bg_color__hover_enabled=&#8220;off&#8220; button_one_bg_color__hover_enabled=&#8220;off&#8220; button_two_bg_color__hover_enabled=&#8220;off&#8220;][et_pb_slide use_bg_overlay=&#8220;off&#8220; use_text_overlay=&#8220;off&#8220; admin_title=&#8220;slide1 moderation 01&#8243; _builder_version=&#8220;3.16&#8243; background_color=&#8220;#ffffff&#8220; background_image=&#8220;https:\/\/archiv.oton-giessen.de\/wp-content\/uploads\/2018\/05\/moderation_01.jpg&#8220; button_on_hover=&#8220;on&#8220; button_text_size__hover_enabled=&#8220;off&#8220; button_one_text_size__hover_enabled=&#8220;off&#8220; button_two_text_size__hover_enabled=&#8220;off&#8220; button_text_color__hover_enabled=&#8220;off&#8220; button_one_text_color__hover_enabled=&#8220;off&#8220; button_two_text_color__hover_enabled=&#8220;off&#8220; button_border_width__hover_enabled=&#8220;off&#8220; button_one_border_width__hover_enabled=&#8220;off&#8220; button_two_border_width__hover_enabled=&#8220;off&#8220; button_border_color__hover_enabled=&#8220;off&#8220; button_one_border_color__hover_enabled=&#8220;off&#8220; button_two_border_color__hover_enabled=&#8220;off&#8220; button_border_radius__hover_enabled=&#8220;off&#8220; button_one_border_radius__hover_enabled=&#8220;off&#8220; button_two_border_radius__hover_enabled=&#8220;off&#8220; button_letter_spacing__hover_enabled=&#8220;off&#8220; button_one_letter_spacing__hover_enabled=&#8220;off&#8220; button_two_letter_spacing__hover_enabled=&#8220;off&#8220; button_bg_color__hover_enabled=&#8220;off&#8220; button_one_bg_color__hover_enabled=&#8220;off&#8220; button_two_bg_color__hover_enabled=&#8220;off&#8220;][\/et_pb_slide][\/et_pb_slider][et_pb_slider show_arrows=&#8220;off&#8220; show_pagination=&#8220;off&#8220; disabled_on=&#8220;off|on|on&#8220; admin_label=&#8220;Slider Mod+Pr\u00e4s MOB&#8220; _builder_version=&#8220;3.16&#8243; box_shadow_style=&#8220;preset6&#8243; box_shadow_blur=&#8220;10px&#8220; box_shadow_color=&#8220;rgba(0,0,0,0.1)&#8220; button_text_size__hover_enabled=&#8220;off&#8220; button_one_text_size__hover_enabled=&#8220;off&#8220; button_two_text_size__hover_enabled=&#8220;off&#8220; button_text_color__hover_enabled=&#8220;off&#8220; button_one_text_color__hover_enabled=&#8220;off&#8220; button_two_text_color__hover_enabled=&#8220;off&#8220; button_border_width__hover_enabled=&#8220;off&#8220; button_one_border_width__hover_enabled=&#8220;off&#8220; button_two_border_width__hover_enabled=&#8220;off&#8220; button_border_color__hover_enabled=&#8220;off&#8220; button_one_border_color__hover_enabled=&#8220;off&#8220; button_two_border_color__hover_enabled=&#8220;off&#8220; button_border_radius__hover_enabled=&#8220;off&#8220; button_one_border_radius__hover_enabled=&#8220;off&#8220; button_two_border_radius__hover_enabled=&#8220;off&#8220; button_letter_spacing__hover_enabled=&#8220;off&#8220; button_one_letter_spacing__hover_enabled=&#8220;off&#8220; button_two_letter_spacing__hover_enabled=&#8220;off&#8220; button_bg_color__hover_enabled=&#8220;off&#8220; button_one_bg_color__hover_enabled=&#8220;off&#8220; button_two_bg_color__hover_enabled=&#8220;off&#8220;][et_pb_slide use_bg_overlay=&#8220;off&#8220; use_text_overlay=&#8220;off&#8220; admin_title=&#8220;slide1 moderation 01&#8243; _builder_version=&#8220;3.16&#8243; background_color=&#8220;#d12727&#8243; background_image=&#8220;https:\/\/archiv.oton-giessen.de\/wp-content\/uploads\/2018\/05\/moderation_01.jpg&#8220; button_on_hover=&#8220;on&#8220; button_text_size__hover_enabled=&#8220;off&#8220; button_one_text_size__hover_enabled=&#8220;off&#8220; button_two_text_size__hover_enabled=&#8220;off&#8220; button_text_color__hover_enabled=&#8220;off&#8220; button_one_text_color__hover_enabled=&#8220;off&#8220; button_two_text_color__hover_enabled=&#8220;off&#8220; button_border_width__hover_enabled=&#8220;off&#8220; button_one_border_width__hover_enabled=&#8220;off&#8220; button_two_border_width__hover_enabled=&#8220;off&#8220; button_border_color__hover_enabled=&#8220;off&#8220; button_one_border_color__hover_enabled=&#8220;off&#8220; button_two_border_color__hover_enabled=&#8220;off&#8220; button_border_radius__hover_enabled=&#8220;off&#8220; button_one_border_radius__hover_enabled=&#8220;off&#8220; button_two_border_radius__hover_enabled=&#8220;off&#8220; button_letter_spacing__hover_enabled=&#8220;off&#8220; button_one_letter_spacing__hover_enabled=&#8220;off&#8220; button_two_letter_spacing__hover_enabled=&#8220;off&#8220; button_bg_color__hover_enabled=&#8220;off&#8220; button_one_bg_color__hover_enabled=&#8220;off&#8220; button_two_bg_color__hover_enabled=&#8220;off&#8220;][\/et_pb_slide][\/et_pb_slider][et_pb_text admin_label=&#8220;Text Headline&#8220; _builder_version=&#8220;3.27.4&#8243;]<\/p>\n<h4 class=\"p1\"><span class=\"s1\">Moderieren und Pr\u00e4sentieren<\/span><\/h4>\n<p>[\/et_pb_text][\/et_pb_column][\/et_pb_row][et_pb_row _builder_version=&#8220;3.25&#8243; background_size=&#8220;initial&#8220; background_position=&#8220;top_left&#8220; background_repeat=&#8220;repeat&#8220; column_structure=&#8220;1_2,1_2&#8243;][et_pb_column type=&#8220;1_2&#8243; _builder_version=&#8220;3.25&#8243; custom_padding=&#8220;|||&#8220; custom_padding__hover=&#8220;|||&#8220;][et_pb_text admin_label=&#8220;Text Moderation 01&#8243; _builder_version=&#8220;3.27.4&#8243;]<\/p>\n<p class=\"p1\"><span class=\"s1\">Jede Moderation ist ein kleiner oder gro\u00dfer Auftritt. Als Moderator, Referent oder Dozent wollen Sie ihre Zuh\u00f6rer professionell informieren oder unterhalten. Damit ein stimmiger Gesamteindruck entsteht, z\u00e4hlt nicht nur ein schl\u00fcssiges Konzept, sondern Glaubw\u00fcrdigkeit und Originalit\u00e4t. <\/span><\/p>\n<p class=\"p1\"><span class=\"s1\">Es ist nicht in erster Linie Perfektion, die bei den Zuh\u00f6rern ankommt, viel mehr \u00fcberzeugt das Einbringen Ihrer individuellen Ausdrucksweise \u00fcber Sprache, Stimme, Mimik und Gestik. <\/span><\/p>\n<p class=\"p1\"><span class=\"s1\">Daf\u00fcr gibt es kein Patentrezept, jede Biographie spricht ihre eigene Sprache. <\/span><\/p>\n<p>[\/et_pb_text][\/et_pb_column][et_pb_column type=&#8220;1_2&#8243; _builder_version=&#8220;3.25&#8243; custom_padding=&#8220;|||&#8220; custom_padding__hover=&#8220;|||&#8220;][et_pb_text admin_label=&#8220;Text Moderation 02&#8243; _builder_version=&#8220;3.27.4&#8243;]<\/p>\n<p class=\"p1\"><span class=\"s1\">In meinen Einzelcoachings lernen Sie ihre Stimme und K\u00f6rpersprache als individuelle Instrumente des Ausdrucks kennen oder entwickeln ihr Potential stetig weiter. <\/span><\/p>\n<p class=\"p1\"><span class=\"s1\">Aus einem gro\u00dfen Fundus an \u00dcbungen und Methoden, w\u00e4hle ich diejenigen aus, die am besten zu Ihrer Zielsetzung passen.<\/span><\/p>\n<p class=\"p1\"><span class=\"s1\">Sie gewinnen dabei Sicherheit und Selbstbewusstsein f\u00fcr ihren eigenen Stil und ihre Aussagen haben schlie\u00dflich eine eigene Stimme, n\u00e4mlich Ihre!<\/span><\/p>\n<p>&nbsp;<\/p>\n<ul class=\"ul1\">\n<li class=\"li1\"><span class=\"s1\">Einzelcoaching von F\u00fchrungskr\u00e4ften aus den Bereichen Wirtschaft, Politik und Bildung<\/span><\/li>\n<li class=\"li1\"><span class=\"s1\">Ausbildung und Coaching von Moderatoren<\/span><\/li>\n<\/ul>\n<p>[\/et_pb_text][\/et_pb_column][\/et_pb_row][\/et_pb_section]<\/p>\n","protected":false},"excerpt":{"rendered":"<p>Moderieren und Pr\u00e4sentieren Jede Moderation ist ein kleiner oder gro\u00dfer Auftritt. Als Moderator, Referent oder Dozent wollen Sie ihre Zuh\u00f6rer professionell informieren oder unterhalten. Damit ein stimmiger Gesamteindruck entsteht, z\u00e4hlt nicht nur ein schl\u00fcssiges Konzept, sondern Glaubw\u00fcrdigkeit und Originalit\u00e4t. Es ist nicht in erster Linie Perfektion, die bei den Zuh\u00f6rern ankommt, viel mehr \u00fcberzeugt das [&hellip;]<\/p>\n","protected":false},"author":2,"featured_media":0,"parent":0,"menu_order":0,"comment_status":"closed","ping_status":"closed","template":"","meta":{"_et_pb_use_builder":"on","_et_pb_old_content":"","_et_gb_content_width":"","footnotes":""},"class_list":["post-235","page","type-page","status-publish","hentry"],"_links":{"self":[{"href":"https:\/\/archiv.oton-giessen.de\/index.php?rest_route=\/wp\/v2\/pages\/235","targetHints":{"allow":["GET"]}}],"collection":[{"href":"https:\/\/archiv.oton-giessen.de\/index.php?rest_route=\/wp\/v2\/pages"}],"about":[{"href":"https:\/\/archiv.oton-giessen.de\/index.php?rest_route=\/wp\/v2\/types\/page"}],"author":[{"embeddable":true,"href":"https:\/\/archiv.oton-giessen.de\/index.php?rest_route=\/wp\/v2\/users\/2"}],"replies":[{"embeddable":true,"href":"https:\/\/archiv.oton-giessen.de\/index.php?rest_route=%2Fwp%2Fv2%2Fcomments&post=235"}],"version-history":[{"count":25,"href":"https:\/\/archiv.oton-giessen.de\/index.php?rest_route=\/wp\/v2\/pages\/235\/revisions"}],"predecessor-version":[{"id":614,"href":"https:\/\/archiv.oton-giessen.de\/index.php?rest_route=\/wp\/v2\/pages\/235\/revisions\/614"}],"wp:attachment":[{"href":"https:\/\/archiv.oton-giessen.de\/index.php?rest_route=%2Fwp%2Fv2%2Fmedia&parent=235"}],"curies":[{"name":"wp","href":"https:\/\/api.w.org\/{rel}","templated":true}]}}