{"id":242,"date":"2018-04-06T20:52:32","date_gmt":"2018-04-06T18:52:32","guid":{"rendered":"https:\/\/archiv.oton-giessen.de\/?page_id=242"},"modified":"2024-01-10T22:54:09","modified_gmt":"2024-01-10T21:54:09","slug":"referenzen","status":"publish","type":"page","link":"https:\/\/archiv.oton-giessen.de\/?page_id=242","title":{"rendered":"Danke"},"content":{"rendered":"<p>[et_pb_section fb_built=&#8220;1&#8243; _builder_version=&#8220;4.14.9&#8243; background_color=&#8220;RGBA(0,0,0,0)&#8220; custom_padding=&#8220;10px|0px|49.5938px|0px&#8220; global_colors_info=&#8220;{}&#8220;][et_pb_row column_structure=&#8220;1_2,1_2&#8243; _builder_version=&#8220;4.14.9&#8243; background_color=&#8220;RGBA(0,0,0,0)&#8220; background_size=&#8220;initial&#8220; background_position=&#8220;top_left&#8220; background_repeat=&#8220;repeat&#8220; custom_padding=&#8220;5px|0px|24.7969px|0px&#8220; hover_enabled=&#8220;0&#8243; collapsed=&#8220;off&#8220; global_colors_info=&#8220;{}&#8220; sticky_enabled=&#8220;0&#8243;][et_pb_column type=&#8220;1_2&#8243; _builder_version=&#8220;4.9.7&#8243; background_color=&#8220;RGBA(0,0,0,0)&#8220; custom_padding=&#8220;|||&#8220; global_colors_info=&#8220;{}&#8220; custom_padding__hover=&#8220;|||&#8220;][et_pb_testimonial author=&#8220;Svenja Wieser, Moderatorin, BR-Klassik&#8220; url=&#8220;#&#8220; quote_icon=&#8220;off&#8220; quote_icon_color=&#8220;#ffffff&#8220; admin_label=&#8220;Svenja Wieser&#8220; _builder_version=&#8220;4.9.7&#8243; background_color=&#8220;rgba(230,223,198,0.65)&#8220; hover_enabled=&#8220;0&#8243; global_colors_info=&#8220;{}&#8220; sticky_enabled=&#8220;0&#8243;]<\/p>\n<p>Ich kam mit der Idee, das ganze Potenzial meiner Stimme voll auszusch\u00f6pfen, um als Radiomoderatorin und -autorin mit Hilfe meiner Stimme meine Inhalte 100%ig zu vermitteln. Schon nach wenigen Stunden Atem- und Stimmtraining mit Claudia Velten habe ich eine ganz neue und erfrischende Perspektive auf den Atem als St\u00fctze von K\u00f6rper und Geist gewonnen. Mit Blick auf die richtige Atemtechnik konnte ich in einf\u00fchlsam angeleiteten \u00dcbungen schon einen h\u00f6rbaren Erfolg erzielen. Das Bewusstsein f\u00fcr einen flie\u00dfenden Atem und ein entspanntes K\u00f6rpergef\u00fchl, um schlie\u00dflich der Stimme einen noch gr\u00f6\u00dferen Spielraum zur Verf\u00fcgung zu stellen, begleitet mich seit den Stunden mit Claudia Velten jeden Tag.<\/p>\n<p>[\/et_pb_testimonial][et_pb_testimonial author=&#8220;Simon Schornstein, Radio- und Sportmoderator&#8220; url=&#8220;#&#8220; quote_icon=&#8220;off&#8220; quote_icon_color=&#8220;#ffffff&#8220; admin_label=&#8220;Simon Schornstein&#8220; _builder_version=&#8220;4.14.9&#8243; background_color=&#8220;rgba(230,223,198,0.65)&#8220; global_colors_info=&#8220;{}&#8220;]<\/p>\n<p class=\"p1\"><span class=\"s1\">Kontext is King! Claudia Velten hat mir perfekt geholfen, sowohl bei On-Air- als auch Off-Air-Moderationen die richtige Grundhaltung einzunehmen, die Stimme und das Sprechtempo entsprechend der Situation anzupassen und den Zuh\u00f6rer an genau der richtigen Stelle abzuholen. Die \u00dcbungen waren immer praxisnah, ganzheitlich und genau auf meine Situation zugeschnitten. <\/span><\/p>\n<p class=\"p1\"><span class=\"s1\">So konnte ich innerhalb k\u00fcrzester Zeit einen absoluten Traum-Moderationsjob an Land ziehen, den ich vor Beginn des Trainings als Ziel definiert hatte. Danke! <\/span><\/p>\n<p>[\/et_pb_testimonial][et_pb_testimonial author=&#8220;I. S., Beraterin, Agentur f\u00fcr Arbeit&#8220; url=&#8220;#&#8220; quote_icon=&#8220;off&#8220; quote_icon_color=&#8220;#ffffff&#8220; admin_label=&#8220;I. Schnabel&#8220; _builder_version=&#8220;4.9.7&#8243; background_color=&#8220;rgba(230,223,198,0.65)&#8220; global_colors_info=&#8220;{}&#8220;]<\/p>\n<p class=\"p1\"><span class=\"s1\">&#8230;professionell, geduldig, wertsch\u00e4tzend&#8230;<br \/><\/span><\/p>\n<p>mit vielen Aha-Momenten zum besseren K\u00f6rper- und Stimmgef\u00fchl! Vielen Dank!<\/p>\n<p>[\/et_pb_testimonial][et_pb_testimonial author=&#8220;Julian Schnaubelt, Radio-, Event- und Sportmoderator&#8220; url=&#8220;#&#8220; quote_icon=&#8220;off&#8220; quote_icon_color=&#8220;#ffffff&#8220; admin_label=&#8220;Julian Schnaubelt&#8220; _builder_version=&#8220;4.14.9&#8243; background_color=&#8220;rgba(230,223,198,0.65)&#8220; global_colors_info=&#8220;{}&#8220;]<\/p>\n<p class=\"p1\"><span class=\"s1\">Als Sport- und Eventmoderator m\u00f6chte ich das Publikum mitnehmen, motivieren und begeistern. Beim Sprechtraining war es mir ein Anliegen einen Weg zu finden, meine Stimme bei Veranstaltungen nicht so \u201eherunterzuwirtschaften\u201c, dass am n\u00e4chsten Tag nichts mehr geht. Claudia Velten hat mir Wege aufgezeigt, mit viel Energie hinter dem Mikrofon zu stehen und nach einem Veranstaltungswochenende trotzdem, mit vollem Stimmvolumen, im Radio zu sprechen. Durch einen ganzheitlichen Blick auf mich, meine beruflichen und privaten Umst\u00e4nde, sowie das Sprechen und Atmen bin ich f\u00fcr jede Situation bestens vorbereitet!<\/span><\/p>\n<p>[\/et_pb_testimonial][et_pb_testimonial author=&#8220;Angelina Feustel, Dozentin und Wissenschaftlerin&#8220; url=&#8220;#&#8220; quote_icon=&#8220;off&#8220; quote_icon_color=&#8220;#ffffff&#8220; admin_label=&#8220;Angelina Feustel&#8220; _builder_version=&#8220;4.14.9&#8243; background_color=&#8220;rgba(230,223,198,0.65)&#8220; hover_enabled=&#8220;0&#8243; global_colors_info=&#8220;{}&#8220; sticky_enabled=&#8220;0&#8243;]<\/p>\n<p>Dank Frau Velten habe ich endlich MEINE Stimme gefunden. Durch gezielte \u00dcbungen und Aufgaben habe ich bei ihr einerseits technisch gelernt, meine Stimme in wichtigen Momenten so zu nutzen, wie es gut und richtig f\u00fcr mich ist. Andererseits habe ich durch sie und ihr stets gutes und konstruktives Feedback, ihre Expertise und ihre F\u00e4higkeit, Menschen Ermutigung und Empowerment zu vermitteln, emotional gelernt, meine Stimme anzunehmen und wertzusch\u00e4tzen. All das sind F\u00e4higkeiten, die mir von anderen Menschen regelm\u00e4\u00dfig gespiegelt werden. Vielen herzlichen Dank daf\u00fcr.<\/p>\n<p>[\/et_pb_testimonial][et_pb_testimonial author=&#8220;Mirjam Langenbach, Moderatorin ERF Pop&#8220; url=&#8220;#&#8220; quote_icon=&#8220;off&#8220; quote_icon_color=&#8220;#ffffff&#8220; admin_label=&#8220;M.Langenbach&#8220; _builder_version=&#8220;4.9.7&#8243; background_color=&#8220;rgba(230,223,198,0.65)&#8220; global_colors_info=&#8220;{}&#8220;]<\/p>\n<p class=\"p1\"><span class=\"s1\">Liebe Claudia,\u00a0<\/span>du st\u00e4rkst echt das Selbstbewusstsein! Sich seiner selbst bewusst zu sein und zu werden ist keine Kleinigkeit. Daf\u00fcr tut es unheimlich gut, ist manchmal erheiternd, immer erhellend und kann auf der Langstrecke absolut hilfreich sein. Dazu stellst du die richtigen Fragen, h\u00f6rst die Feinheiten und kannst dich bestens einf\u00fchlen. Und wer denkt, \u201eWas soll das denn der Stimme und dem Sprechen helfen?\u201c, der wurde wahrscheinlich noch nicht von dir gecoacht :o)<\/p>\n<p>[\/et_pb_testimonial][et_pb_testimonial author=&#8220;Y. Debus, duale Masterstudentin&#8220; url=&#8220;#&#8220; quote_icon=&#8220;off&#8220; quote_icon_color=&#8220;#ffffff&#8220; admin_label=&#8220;Yvonne Debus&#8220; _builder_version=&#8220;4.14.9&#8243; background_color=&#8220;rgba(230,223,198,0.65)&#8220; global_colors_info=&#8220;{}&#8220;]<\/p>\n<div>Die Au\u00dfenwirkung meiner eigenen Stimme zu reflektieren und analysieren ist mir dank der professionellen Unterst\u00fctzung von Claudia Velten gelungen. Dabei hat sie mir stets ruhig und verst\u00e4ndnisvoll Techniken zur Verbesserung des Stimmklangs an die Hand gegeben. Dies hat mein Selbstbewusstsein gest\u00e4rkt und mir im Studium wie auch im professionellen Arbeitsumfeld neue Wege er\u00f6ffnet. Vor allem die praxisnahe Erarbeitung bevorstehender Vortr\u00e4ge und das angenehme Lernumfeld haben mir besonders gut gefallen.<\/div>\n<p>[\/et_pb_testimonial][et_pb_testimonial author=&#8220;Ute Heuser-Ludwig, Redakteurin&#8220; url=&#8220;#&#8220; quote_icon=&#8220;off&#8220; quote_icon_color=&#8220;#ffffff&#8220; admin_label=&#8220;Ute Heuser-Ludwig&#8220; _builder_version=&#8220;4.9.7&#8243; background_color=&#8220;rgba(230,223,198,0.65)&#8220; global_colors_info=&#8220;{}&#8220;]<\/p>\n<p class=\"p1\"><span class=\"s1\">Lachen, staunen, entdecken \u2013 beim kreativen Stimmtraining mit Claudia hab ich immer das Gef\u00fchl zu wachsen; ich f\u00fchl mich hinterher entspannter und stimmiger mit mir selbst.<\/span><\/p>\n<p>[\/et_pb_testimonial][et_pb_testimonial author=&#8220;Katharina Heiser, Leiterin Kommunikation, ERF Medien&#8220; url=&#8220;#&#8220; quote_icon=&#8220;off&#8220; quote_icon_color=&#8220;#ffffff&#8220; admin_label=&#8220;Katharina Heiser&#8220; _builder_version=&#8220;4.14.9&#8243; background_color=&#8220;rgba(230,223,198,0.65)&#8220; global_colors_info=&#8220;{}&#8220;]<\/p>\n<p>Claudia Velten begleitet Entwicklungsprozesse mit viel Kompetenz, Humor und Tiefgang. Pr\u00e4dikat: \u201ebesonders wertvoll und wirksam\u201c. Einfach Danke!<\/p>\n<p>[\/et_pb_testimonial][et_pb_testimonial author=&#8220;Dr. Kirsten Prinz, Dozentin am Institut f\u00fcr Germanistik, JLU Gie\u00dfen&#8220; url=&#8220;#&#8220; quote_icon=&#8220;off&#8220; quote_icon_color=&#8220;#ffffff&#8220; admin_label=&#8220;Dr. Kirsten Prinz&#8220; _builder_version=&#8220;4.9.7&#8243; background_color=&#8220;rgba(230,223,198,0.65)&#8220; global_colors_info=&#8220;{}&#8220;]<\/p>\n<p class=\"p1\"><span class=\"s1\">Regelm\u00e4\u00dfig finden in der Gie\u00dfener Germanistik Veranstaltungen statt, die von Studierenden organisiert und auf die B\u00fchne gebracht werden \u2013hier begleitet Claudia Velten als Stimm-und Sprechtrainerin und als Regisseurin den Prozess. Von den Studierenden habe ich nur positives Feedback erhalten, da Claudia Velten gerade in der hei\u00dfen Projektphase\u00a0einf\u00fchlsam und punktgenau wertvolle Tipps zu Stimme, Artikulation und Inszenierung gibt.<br \/>Sie erkennt die Bed\u00fcrfnisse der Seminargruppe und f\u00fchrt klar und konkret Regie.<\/span><\/p>\n<p>[\/et_pb_testimonial][et_pb_testimonial author=&#8220;M. Fle\u00dfenk\u00e4mper&#8220; url=&#8220;#&#8220; quote_icon=&#8220;off&#8220; quote_icon_color=&#8220;#ffffff&#8220; admin_label=&#8220;M. Fle\u00dfenk\u00e4mper&#8220; _builder_version=&#8220;4.14.9&#8243; background_color=&#8220;rgba(230,223,198,0.65)&#8220; global_colors_info=&#8220;{}&#8220;]<\/p>\n<p>Claudia ist eine \u00e4u\u00dferst professionelle Trainerin und Beraterin. Ihre ermutigende Art und ihre F\u00e4higkeit, schnell auf den Punkt zu kommen, haben mich w\u00e4hrend des gesamten Coaching-Prozesses motiviert und gest\u00e4rkt.<\/p>\n<p>[\/et_pb_testimonial][et_pb_testimonial author=&#8220;Volker Bednarz, Leiter Programmplanung, ERF Medien&#8220; url=&#8220;#&#8220; quote_icon=&#8220;off&#8220; quote_icon_color=&#8220;#ffffff&#8220; admin_label=&#8220;Volker Bednarz&#8220; _builder_version=&#8220;4.9.7&#8243; background_color=&#8220;rgba(230,223,198,0.65)&#8220; global_colors_info=&#8220;{}&#8220;]<\/p>\n<p>Bei Claudia Velten habe ich gelernt, dass zu einem guten Sprecher nicht nur die Stimme geh\u00f6rt, sondern der ganze Mensch.<\/p>\n<p>[\/et_pb_testimonial][\/et_pb_column][et_pb_column type=&#8220;1_2&#8243; _builder_version=&#8220;4.14.9&#8243; _module_preset=&#8220;default&#8220; global_colors_info=&#8220;{}&#8220;][et_pb_testimonial author=&#8220;Helena M., Community und Fundraising-Managerin&#8220; url=&#8220;#&#8220; quote_icon=&#8220;off&#8220; quote_icon_color=&#8220;#ffffff&#8220; admin_label=&#8220;Helena M.&#8220; _builder_version=&#8220;4.14.9&#8243; background_color=&#8220;rgba(230,223,198,0.65)&#8220; global_colors_info=&#8220;{}&#8220;]<\/p>\n<p>W\u00e4hrend des Sprechtrainings unterst\u00fctzte Claudia Velten mich, an meiner Stimme zu arbeiten und mich den Herausforderungen des Lampenfiebers zu stellen. Mittlerweile habe ich mich zu einer Ausbildung angemeldet, um selbst Workshops in meinem Fach zu halten.<\/p>\n<p>[\/et_pb_testimonial][et_pb_testimonial author=&#8220;H. A., Verwaltungsangestellter&#8220; url=&#8220;#&#8220; quote_icon=&#8220;off&#8220; quote_icon_color=&#8220;#ffffff&#8220; admin_label=&#8220;Hasan Alp&#8220; _builder_version=&#8220;4.14.9&#8243; background_color=&#8220;rgba(230,223,198,0.65)&#8220; global_colors_info=&#8220;{}&#8220;]<\/p>\n<p>Du hast es geschafft, dass ich meine Stimme mag und\u00a0 selbstbewusster einsetzen kann. Das F\u00fchren von Kundengespr\u00e4chen f\u00e4llt mir jetzt so viel leichter.<\/p>\n<p>Viele machen ihren Job, weil es ihr Job ist. Du, liebe Claudia, macht es aus Leidenschaft. Professionell, sehr freundlich und voller Empathie. Es hat wirklich Spa\u00df gemacht.<\/p>\n<p>[\/et_pb_testimonial][et_pb_testimonial author=&#8220;S. K. &#8220; url=&#8220;#&#8220; quote_icon=&#8220;off&#8220; quote_icon_color=&#8220;#ffffff&#8220; admin_label=&#8220;S. Kr\u00fcger&#8220; _builder_version=&#8220;4.9.7&#8243; background_color=&#8220;rgba(230,223,198,0.65)&#8220; global_colors_info=&#8220;{}&#8220;]<\/p>\n<p class=\"p1\"><span class=\"s1\">Liebe Frau Velten,<\/span><\/p>\n<p>ich m\u00f6chte mich bei Ihnen nochmal bedanken! F\u00fcr Ihren Einsatz, f\u00fcr Ihren Enthusiasmus, f\u00fcr Ihre Impulse, die Sie mir gegeben haben.<\/p>\n<p>&#8230; Sie werden mir als au\u00dfergew\u00f6hnliche Pers\u00f6nlichkeit immer im Ged\u00e4chtnis h\u00e4ngen bleiben!<\/p>\n<p>Also Danke nochmal f\u00fcr Ihre tolle Betreuung, machen Sie weiter so!<\/p>\n<p>[\/et_pb_testimonial][et_pb_testimonial author=&#8220;Andreas Odrich, ERF Medien, Leiter Aktuelles und Gesellschaft&#8220; url=&#8220;#&#8220; quote_icon=&#8220;off&#8220; quote_icon_color=&#8220;#ffffff&#8220; admin_label=&#8220;Andreas Odrich&#8220; _builder_version=&#8220;4.9.7&#8243; background_color=&#8220;rgba(230,223,198,0.65)&#8220; global_colors_info=&#8220;{}&#8220;]<\/p>\n<p class=\"p1\"><span class=\"s1\">Claudia Velten f\u00f6rdert durch Fordern. Sie bringt Stimme und Haltung in Einklang und sorgt dadurch f\u00fcr ein souver\u00e4nes, klangvolles und glaubw\u00fcrdiges Auftreten. Sprecherprofis in Radio und TV und ihre Nutzer profitieren davon, ebenso Menschen, die sich in der \u00d6ffentlichkeit pr\u00e4sentieren m\u00fcssen und deren Auditorium.<\/span><\/p>\n<p>[\/et_pb_testimonial][et_pb_testimonial author=&#8220;Lisa L., Lehrerin im Vorbereitungsdienst&#8220; url=&#8220;#&#8220; quote_icon=&#8220;off&#8220; quote_icon_color=&#8220;#ffffff&#8220; admin_label=&#8220;Lisa Lang&#8220; _builder_version=&#8220;4.9.7&#8243; background_color=&#8220;rgba(230,223,198,0.65)&#8220; global_colors_info=&#8220;{}&#8220;]<\/p>\n<p>Liebe Claudia,<\/p>\n<p>vielen Dank f\u00fcr deine tollen Impulse! Die Stunden bei dir waren f\u00fcr mich die perfekte Mischung aus Stimmtherapie und systemischer Beratung. Deine positive ressourcenorientierte Arbeit hat mir super gefallen!<\/p>\n<p>[\/et_pb_testimonial][et_pb_testimonial author=&#8220;E. Blum, Chors\u00e4ngerin&#8220; url=&#8220;#&#8220; quote_icon=&#8220;off&#8220; quote_icon_color=&#8220;#ffffff&#8220; admin_label=&#8220;E. Blum&#8220; _builder_version=&#8220;4.9.7&#8243; background_color=&#8220;rgba(230,223,198,0.65)&#8220; global_colors_info=&#8220;{}&#8220;]<\/p>\n<p class=\"p1\"><span class=\"s1\">Die Logop\u00e4die bei Claudia Velten<br \/>erschlie\u00dft mit t\u00e4glich neue Welten,<br \/><\/span><span class=\"s1\">Atmung, Bewegung, Pr\u00e4ludieren,<br \/><\/span><span class=\"s1\">all das tr\u00e4gt bei zum Regenerieren<br \/><\/span><span class=\"s1\">der Stimme, die so kratzt und klirrt.<br \/><\/span><span class=\"s1\">Ich hoffe, dass es besser wird!<br \/><\/span><span class=\"s1\">F\u00fcr Dich und Oton alles Gute,<br \/><\/span><span class=\"s1\">es gr\u00fc\u00dft von Herzen die Erdmuthe.<\/span><\/p>\n<p>[\/et_pb_testimonial][et_pb_testimonial author=&#8220;Heiko Brattig, Moderator ERF Pop&#8220; url=&#8220;#&#8220; quote_icon=&#8220;off&#8220; quote_icon_color=&#8220;#ffffff&#8220; admin_label=&#8220;Heiko Brattig&#8220; _builder_version=&#8220;4.9.7&#8243; background_color=&#8220;rgba(230,223,198,0.65)&#8220; global_colors_info=&#8220;{}&#8220;]<\/p>\n<p class=\"p1\"><span class=\"s1\">Gutes Sprechen ist mehr als eine richtige Aussprache. Das hab ich bei Claudia Velten gelernt. Wissen, wer ich bin und was ich will, beeinflusst mein Sprechen mehr als ich geglaubt habe.<\/span><\/p>\n<p>[\/et_pb_testimonial][et_pb_testimonial author=&#8220;Marc L., Wohngruppenleitung&#8220; url=&#8220;#&#8220; quote_icon=&#8220;off&#8220; quote_icon_color=&#8220;#ffffff&#8220; admin_label=&#8220;Marc Lang&#8220; _builder_version=&#8220;4.9.7&#8243; background_color=&#8220;rgba(230,223,198,0.65)&#8220; global_colors_info=&#8220;{}&#8220;]<\/p>\n<p>Mit deinem ganzheitlichen Ansatz aus Sprechtraining, Beratung, Biographiearbeit u. v. m. hast du mir wirklich geholfen. Ich habe mich in den Stunden bei dir sehr darin best\u00e4rkt gef\u00fchlt, mit verschiedenen &#8222;Werkzeugen&#8220; pers\u00f6nliches Wachstum und Authentizit\u00e4t in Einklang zu bringen. Vielen Dank f\u00fcr deine warmherzige Unterst\u00fctzung!<\/p>\n<p>[\/et_pb_testimonial][et_pb_testimonial author=&#8220;Annabel Breitkreuz, Volont\u00e4rin&#8220; url=&#8220;#&#8220; quote_icon=&#8220;off&#8220; quote_icon_color=&#8220;#ffffff&#8220; admin_label=&#8220;Annabel Breitkreuz&#8220; _builder_version=&#8220;4.9.7&#8243; background_color=&#8220;rgba(230,223,198,0.65)&#8220; global_colors_info=&#8220;{}&#8220;]<\/p>\n<p>Claudia Velten hat mir die Angst vor dem Mikrofon genommen. Ich wei\u00df jetzt nicht nur, wovor ich genau Angst habe, sondern auch, wie ich mich nicht von ihr beherrschen lasse. Vielen Dank daf\u00fcr!<\/p>\n<p>[\/et_pb_testimonial][et_pb_testimonial author=&#8220;U. Reinard, Kunstp\u00e4dagogin&#8220; url=&#8220;#&#8220; quote_icon=&#8220;off&#8220; quote_icon_color=&#8220;#ffffff&#8220; admin_label=&#8220;U. Reinard&#8220; _builder_version=&#8220;4.9.7&#8243; background_color=&#8220;rgba(230,223,198,0.65)&#8220; global_colors_info=&#8220;{}&#8220;]<\/p>\n<p class=\"p1\"><span class=\"s1\">Die eigene Stimme, wie h\u00f6rt sie sich an? Wie festigt sie sich? Wie f\u00fcllt sie R\u00e4ume &#8211; mit Leichtigkeit? Die Stimme ist etwas Ureigenes, Pers\u00f6nliches. Sich \u00e4u\u00dfern ist sich zeigen. Dazu wurde ich ermutigt.<br \/>Dankbar, dankbar, dankbar<\/span><\/p>\n<p>[\/et_pb_testimonial][et_pb_testimonial author=&#8220;Dr. J. C. Schnurr, Hochschuldozent&#8220; url=&#8220;#&#8220; quote_icon=&#8220;off&#8220; quote_icon_color=&#8220;#ffffff&#8220; admin_label=&#8220;J. C. Schnurr&#8220; _builder_version=&#8220;4.9.7&#8243; background_color=&#8220;rgba(230,223,198,0.65)&#8220; global_colors_info=&#8220;{}&#8220;]<\/p>\n<p>Am meisten Spa\u00df hat mir die Arbeit mit Texten gemacht, weil ich dabei viele berufsrelevante Impulse f\u00fcr eine stimmschonende und zugleich \u00e4sthetische Vortragsweise bekommen habe. Wichtig war f\u00fcr mich aber auch, ein Bewusstsein f\u00fcr eine gesunde Phonationsatmung zu gewinnen und daran in praktischen \u00dcbungen zu arbeiten.<\/p>\n<p>[\/et_pb_testimonial][et_pb_testimonial author=&#8220;Dagmar Mende, Buchh\u00e4ndlerin \/ Profi-Vorleserin&#8220; url=&#8220;#&#8220; quote_icon=&#8220;off&#8220; quote_icon_color=&#8220;#ffffff&#8220; admin_label=&#8220;Dagmar Mende&#8220; _builder_version=&#8220;4.9.7&#8243; background_color=&#8220;rgba(230,223,198,0.65)&#8220; global_colors_info=&#8220;{}&#8220;]<\/p>\n<p class=\"p1\"><span class=\"s1\">Die Zeit bei O-Ton habe ich als sehr bereichernd und wohltuend empfunden. In die faszinierende Welt der Literatur einzutauchen und unter ebenso einf\u00fchlsamer wie fachkundiger Anleitung die verborgenen Sch\u00e4tze eines Textes zutage zu f\u00f6rdern, hat unglaublich viel Spa\u00df gemacht.Und mit vielf\u00e4ltigen,manchmal herausfordernden,und immer kurzweiligen \u00dcbungen schlie\u00dflich zur sprecherischen Umsetzung zu gelangen, war eine Erfahrung, die mich mit Freude und Begeisterung erf\u00fcllt hat.<\/span><\/p>\n<p>[\/et_pb_testimonial][et_pb_testimonial author=&#8220;Dr. W. Steup, Schulleiter i.R.&#8220; url=&#8220;#&#8220; quote_icon=&#8220;off&#8220; quote_icon_color=&#8220;#ffffff&#8220; admin_label=&#8220;Dr. W. Steup&#8220; _builder_version=&#8220;4.9.7&#8243; background_color=&#8220;rgba(230,223,198,0.65)&#8220; global_colors_info=&#8220;{}&#8220;]<\/p>\n<p class=\"p1\"><span class=\"s1\">Stimmlos als Opa, Vater, Sohn \u2013<br \/>rasche Hilfe bracht Oton!<\/span><\/p>\n<p>[\/et_pb_testimonial][et_pb_testimonial author=&#8220;Inge Werning&#8220; url=&#8220;#&#8220; quote_icon=&#8220;off&#8220; quote_icon_color=&#8220;#ffffff&#8220; admin_label=&#8220;Inge Werning&#8220; _builder_version=&#8220;4.9.7&#8243; background_color=&#8220;rgba(230,223,198,0.65)&#8220; global_colors_info=&#8220;{}&#8220;]<\/p>\n<p>Claudia tut gut: mir und meiner Stimme Ich danke f\u00fcr die St\u00e4rkung meiner stimmlichen Kommunikationsf\u00e4higkeit in meiner Fortbildungst\u00e4tigkeit. Ich habe bei Claudia gelernt pr\u00e4senter und entspannter zu sein.<\/p>\n<p>[\/et_pb_testimonial][et_pb_testimonial author=&#8220;U. W., Pfarrerin&#8220; url=&#8220;#&#8220; quote_icon=&#8220;off&#8220; quote_icon_color=&#8220;#ffffff&#8220; disabled_on=&#8220;on|on|on&#8220; admin_label=&#8220;U. Wendt&#8220; _builder_version=&#8220;4.9.7&#8243; background_color=&#8220;rgba(230,223,198,0.65)&#8220; disabled=&#8220;on&#8220; locked=&#8220;off&#8220; global_colors_info=&#8220;{}&#8220;]<\/p>\n<p class=\"p1\"><span class=\"s1\">Seit meiner Therapie bei Ihnen komme ich als Sprechberuflerin fast ohne Heiserkeit durch den Arbeitsalltag, und ohne Kehlkopfentz\u00fcndung durch winterliche Infekte. Und manchmal werde ich jetzt auf den Klang meiner Stimme angesprochen. Dankesch\u00f6n, liebe Frau Velten, Sie haben mich sehr beschenkt!<\/span><\/p>\n<p>[\/et_pb_testimonial][et_pb_testimonial author=&#8220;S. v. Einem, Mutter von Lukas, 4 Jahre&#8220; url=&#8220;#&#8220; quote_icon=&#8220;off&#8220; quote_icon_color=&#8220;#ffffff&#8220; disabled_on=&#8220;on|on|on&#8220; admin_label=&#8220;S. v. Einem&#8220; _builder_version=&#8220;4.9.7&#8243; background_color=&#8220;rgba(230,223,198,0.65)&#8220; disabled=&#8220;on&#8220; locked=&#8220;off&#8220; global_colors_info=&#8220;{}&#8220;]<\/p>\n<p class=\"p1\"><span class=\"s1\">Ich kam zu Frau Velten mit einem stillen Kind, das wegen seiner undeutlichen Aussprache von anderen Kindern ausgegrenzt wurde. Jetzt habe ich ein Kind, das mit Freude an der Sprache keine Scheu mehr hat auch andre Menschen anzusprechen. Vielen Dank!<\/span><\/p>\n<p>[\/et_pb_testimonial][\/et_pb_column][\/et_pb_row][\/et_pb_section]<\/p>\n","protected":false},"excerpt":{"rendered":"<p>Ich kam mit der Idee, das ganze Potenzial meiner Stimme voll auszusch\u00f6pfen, um als Radiomoderatorin und -autorin mit Hilfe meiner Stimme meine Inhalte 100%ig zu vermitteln. Schon nach wenigen Stunden Atem- und Stimmtraining mit Claudia Velten habe ich eine ganz neue und erfrischende Perspektive auf den Atem als St\u00fctze von K\u00f6rper und Geist gewonnen. Mit [&hellip;]<\/p>\n","protected":false},"author":2,"featured_media":0,"parent":0,"menu_order":0,"comment_status":"closed","ping_status":"closed","template":"","meta":{"_et_pb_use_builder":"on","_et_pb_old_content":"","_et_gb_content_width":"","footnotes":""},"class_list":["post-242","page","type-page","status-publish","hentry"],"_links":{"self":[{"href":"https:\/\/archiv.oton-giessen.de\/index.php?rest_route=\/wp\/v2\/pages\/242","targetHints":{"allow":["GET"]}}],"collection":[{"href":"https:\/\/archiv.oton-giessen.de\/index.php?rest_route=\/wp\/v2\/pages"}],"about":[{"href":"https:\/\/archiv.oton-giessen.de\/index.php?rest_route=\/wp\/v2\/types\/page"}],"author":[{"embeddable":true,"href":"https:\/\/archiv.oton-giessen.de\/index.php?rest_route=\/wp\/v2\/users\/2"}],"replies":[{"embeddable":true,"href":"https:\/\/archiv.oton-giessen.de\/index.php?rest_route=%2Fwp%2Fv2%2Fcomments&post=242"}],"version-history":[{"count":74,"href":"https:\/\/archiv.oton-giessen.de\/index.php?rest_route=\/wp\/v2\/pages\/242\/revisions"}],"predecessor-version":[{"id":1060,"href":"https:\/\/archiv.oton-giessen.de\/index.php?rest_route=\/wp\/v2\/pages\/242\/revisions\/1060"}],"wp:attachment":[{"href":"https:\/\/archiv.oton-giessen.de\/index.php?rest_route=%2Fwp%2Fv2%2Fmedia&parent=242"}],"curies":[{"name":"wp","href":"https:\/\/api.w.org\/{rel}","templated":true}]}}