{"id":244,"date":"2018-04-06T20:52:51","date_gmt":"2018-04-06T18:52:51","guid":{"rendered":"https:\/\/archiv.oton-giessen.de\/?page_id=244"},"modified":"2024-08-20T21:27:24","modified_gmt":"2024-08-20T19:27:24","slug":"bio","status":"publish","type":"page","link":"https:\/\/archiv.oton-giessen.de\/?page_id=244","title":{"rendered":"Bio"},"content":{"rendered":"<p>[et_pb_section fb_built=&#8220;1&#8243; _builder_version=&#8220;3.22&#8243; custom_padding=&#8220;10px|0px|49.5938px|0px&#8220; global_colors_info=&#8220;{}&#8220;][et_pb_row _builder_version=&#8220;4.9.7&#8243; _module_preset=&#8220;default&#8220; global_colors_info=&#8220;{}&#8220;][et_pb_column type=&#8220;4_4&#8243; _builder_version=&#8220;4.9.7&#8243; _module_preset=&#8220;default&#8220; global_colors_info=&#8220;{}&#8220;][et_pb_image src=&#8220;https:\/\/archiv.oton-giessen.de\/wp-content\/uploads\/2021\/08\/bio-header.jpg&#8220; alt=&#8220;Claudia Velten&#8220; title_text=&#8220;bio-header&#8220; admin_label=&#8220;Bild&#8220; _builder_version=&#8220;4.9.7&#8243; _module_preset=&#8220;default&#8220; animation_style=&#8220;zoom&#8220; animation_intensity_zoom=&#8220;20%&#8220; global_colors_info=&#8220;{}&#8220;][\/et_pb_image][et_pb_text _builder_version=&#8220;4.14.9&#8243; _module_preset=&#8220;default&#8220; global_colors_info=&#8220;{}&#8220;]<\/p>\n<h5>Claudia Velten ist waschechte Hessin, lebt mit Mann und Maus auf dem Land<\/h5>\n<p>[\/et_pb_text][\/et_pb_column][\/et_pb_row][et_pb_row column_structure=&#8220;1_3,1_3,1_3&#8243; _builder_version=&#8220;3.25&#8243; background_size=&#8220;initial&#8220; background_position=&#8220;top_left&#8220; background_repeat=&#8220;repeat&#8220; global_colors_info=&#8220;{}&#8220;][et_pb_column type=&#8220;1_3&#8243; _builder_version=&#8220;3.25&#8243; custom_padding=&#8220;|||&#8220; global_colors_info=&#8220;{}&#8220; custom_padding__hover=&#8220;|||&#8220;][et_pb_blurb title=&#8220;Ausbildung&#8220; url=&#8220;#&#8220; use_icon=&#8220;on&#8220; font_icon=&#8220;&#x76;||divi||400&#8243; image_icon_width=&#8220;75px&#8220; admin_label=&#8220;Ausbildung&#8220; _builder_version=&#8220;4.14.9&#8243; header_font=&#8220;|700|||||||&#8220; background_color=&#8220;rgba(244,244,244,0.18)&#8220; text_orientation=&#8220;center&#8220; icon_font_size=&#8220;75px&#8220; global_colors_info=&#8220;{}&#8220;]<\/p>\n<p style=\"text-align: center;\">Ausbildung zur Atem-, Sprech- und Stimmlehrerin, Schule Schaffhorst-Andersen in Bad Nenndorf<br \/>Weiterbildung zur Systemischen Beraterin, Odenwald Institut<\/p>\n<p>[\/et_pb_blurb][\/et_pb_column][et_pb_column type=&#8220;1_3&#8243; _builder_version=&#8220;3.25&#8243; custom_padding=&#8220;|||&#8220; global_colors_info=&#8220;{}&#8220; custom_padding__hover=&#8220;|||&#8220;][et_pb_blurb title=&#8220;Oton&#8220; url=&#8220;#&#8220; use_icon=&#8220;on&#8220; font_icon=&#8220;&#xe030;||divi||400&#8243; image_icon_width=&#8220;75px&#8220; admin_label=&#8220;Oton&#8220; _builder_version=&#8220;4.14.9&#8243; header_font=&#8220;|700|||||||&#8220; background_color=&#8220;rgba(244,244,244,0.18)&#8220; text_orientation=&#8220;center&#8220; hover_enabled=&#8220;0&#8243; icon_font_size=&#8220;75px&#8220; global_colors_info=&#8220;{}&#8220; sticky_enabled=&#8220;0&#8243;]<\/p>\n<p style=\"text-align: center;\">2012: Gr\u00fcndung Oton &#8211; die Stimmwerkstatt im Herzen von Gie\u00dfen<\/p>\n<p>[\/et_pb_blurb][\/et_pb_column][et_pb_column type=&#8220;1_3&#8243; _builder_version=&#8220;3.25&#8243; custom_padding=&#8220;|||&#8220; global_colors_info=&#8220;{}&#8220; custom_padding__hover=&#8220;|||&#8220;][et_pb_blurb title=&#8220;Moderation&#8220; url=&#8220;#&#8220; use_icon=&#8220;on&#8220; font_icon=&#8220;&#xe01b;||divi||400&#8243; image_icon_width=&#8220;75px&#8220; admin_label=&#8220;Moderation&#8220; _builder_version=&#8220;4.13.0&#8243; header_font=&#8220;|700|||||||&#8220; background_color=&#8220;rgba(244,244,244,0.18)&#8220; text_orientation=&#8220;center&#8220; icon_font_size=&#8220;75px&#8220; global_colors_info=&#8220;{}&#8220;]<\/p>\n<p style=\"text-align: center;\">Moderations- und Pr\u00e4sentationstraining f\u00fcr Funk und TV<\/p>\n<p>[\/et_pb_blurb][\/et_pb_column][\/et_pb_row][et_pb_row column_structure=&#8220;1_4,1_2,1_4&#8243; disabled_on=&#8220;on|on|on&#8220; _builder_version=&#8220;3.25&#8243; background_image=&#8220;https:\/\/archiv.oton-giessen.de\/wp-content\/uploads\/2018\/05\/bio_04.jpg&#8220; disabled=&#8220;on&#8220; locked=&#8220;off&#8220; global_colors_info=&#8220;{}&#8220;][et_pb_column type=&#8220;1_4&#8243; _builder_version=&#8220;3.25&#8243; custom_padding=&#8220;|||&#8220; global_colors_info=&#8220;{}&#8220; custom_padding__hover=&#8220;|||&#8220;][\/et_pb_column][et_pb_column type=&#8220;1_2&#8243; _builder_version=&#8220;3.25&#8243; custom_padding=&#8220;|||&#8220; global_colors_info=&#8220;{}&#8220; custom_padding__hover=&#8220;|||&#8220;][et_pb_text admin_label=&#8220;Text Bio&#8220; _builder_version=&#8220;3.27.4&#8243; text_orientation=&#8220;center&#8220; global_colors_info=&#8220;{}&#8220;]<\/p>\n<h2 style=\"text-align: center;\"><strong>Claudia Velten<br \/>\n<\/strong><\/h2>\n<p style=\"text-align: center;\">waschechte Hessin, Jahrgang 1972,<br \/>\nlebt mit Mann und Maus auf dem Land<\/p>\n<p>[\/et_pb_text][\/et_pb_column][et_pb_column type=&#8220;1_4&#8243; _builder_version=&#8220;3.25&#8243; custom_padding=&#8220;|||&#8220; global_colors_info=&#8220;{}&#8220; custom_padding__hover=&#8220;|||&#8220;][\/et_pb_column][\/et_pb_row][et_pb_row column_structure=&#8220;1_4,1_4,1_4,1_4&#8243; _builder_version=&#8220;3.25&#8243; background_size=&#8220;initial&#8220; background_position=&#8220;top_left&#8220; background_repeat=&#8220;repeat&#8220; global_colors_info=&#8220;{}&#8220;][et_pb_column type=&#8220;1_4&#8243; _builder_version=&#8220;3.25&#8243; custom_padding=&#8220;|||&#8220; global_colors_info=&#8220;{}&#8220; custom_padding__hover=&#8220;|||&#8220;][et_pb_blurb title=&#8220;Gesang&#8220; url=&#8220;#&#8220; use_icon=&#8220;on&#8220; font_icon=&#8220;&#xe611;||divi||400&#8243; image_icon_width=&#8220;75px&#8220; admin_label=&#8220;Gesang&#8220; _builder_version=&#8220;4.13.0&#8243; header_font=&#8220;|700|||||||&#8220; background_color=&#8220;rgba(244,244,244,0.18)&#8220; text_orientation=&#8220;center&#8220; icon_font_size=&#8220;75px&#8220; global_colors_info=&#8220;{}&#8220;]<\/p>\n<p style=\"text-align: center;\">singt f\u00fcr ihr Leben gern in verschiedenen Ch\u00f6ren und Vokalensembles<br \/>\nprivate Gesangsstudien bei Peter Elkus, Prof. a.D. Gisela Pohl, Edmund Brownless, Gabriele Hierdeis<\/p>\n<p>[\/et_pb_blurb][\/et_pb_column][et_pb_column type=&#8220;1_4&#8243; _builder_version=&#8220;3.25&#8243; custom_padding=&#8220;|||&#8220; global_colors_info=&#8220;{}&#8220; custom_padding__hover=&#8220;|||&#8220;][et_pb_blurb title=&#8220;Trainerin&#8220; url=&#8220;#&#8220; use_icon=&#8220;on&#8220; font_icon=&#8220;&#xe102;||divi||400&#8243; image_icon_width=&#8220;75px&#8220; admin_label=&#8220;Trainerin&#8220; _builder_version=&#8220;4.13.0&#8243; header_font=&#8220;|700|||||||&#8220; background_color=&#8220;rgba(244,244,244,0.18)&#8220; text_orientation=&#8220;center&#8220; icon_font_size=&#8220;75px&#8220; global_colors_info=&#8220;{}&#8220;]<\/p>\n<p style=\"text-align: center;\">langj\u00e4hrige T\u00e4tigkeit als Trainerin f\u00fcr Menschen in Lehr- und Sprechberufen,<br \/>\nWorkshops und Seminare<\/p>\n<p>[\/et_pb_blurb][\/et_pb_column][et_pb_column type=&#8220;1_4&#8243; _builder_version=&#8220;3.25&#8243; custom_padding=&#8220;|||&#8220; global_colors_info=&#8220;{}&#8220; custom_padding__hover=&#8220;|||&#8220;][et_pb_blurb title=&#8220;H\u00f6rspiele&#8220; url=&#8220;#&#8220; use_icon=&#8220;on&#8220; font_icon=&#8220;&#xe027;||divi||400&#8243; image_icon_width=&#8220;75px&#8220; admin_label=&#8220;H\u00f6rspiele&#8220; _builder_version=&#8220;4.13.0&#8243; header_font=&#8220;|700|||||||&#8220; background_color=&#8220;rgba(244,244,244,0.18)&#8220; text_orientation=&#8220;center&#8220; icon_font_size=&#8220;75px&#8220; global_colors_info=&#8220;{}&#8220;]<\/p>\n<p style=\"text-align: center;\">Sprecherin f\u00fcr H\u00f6rspiele, H\u00f6rspielregie<\/p>\n<p>[\/et_pb_blurb][\/et_pb_column][et_pb_column type=&#8220;1_4&#8243; _builder_version=&#8220;3.25&#8243; custom_padding=&#8220;|||&#8220; global_colors_info=&#8220;{}&#8220; custom_padding__hover=&#8220;|||&#8220;][et_pb_blurb title=&#8220;Therapie&#8220; url=&#8220;#&#8220; use_icon=&#8220;on&#8220; font_icon=&#8220;&#xe007;||divi||400&#8243; image_icon_width=&#8220;75px&#8220; admin_label=&#8220;Therapie&#8220; _builder_version=&#8220;4.13.0&#8243; header_font=&#8220;|700|||||||&#8220; background_color=&#8220;rgba(244,244,244,0.18)&#8220; text_orientation=&#8220;center&#8220; icon_font_size=&#8220;75px&#8220; global_colors_info=&#8220;{}&#8220;]<\/p>\n<p style=\"text-align: center;\">Stimm- und Sprachtherapien in diversen logop\u00e4dischen Praxen<\/p>\n<p>[\/et_pb_blurb][\/et_pb_column][\/et_pb_row][\/et_pb_section]<\/p>\n","protected":false},"excerpt":{"rendered":"<p>Claudia Velten ist waschechte Hessin, lebt mit Mann und Maus auf dem LandAusbildung zur Atem-, Sprech- und Stimmlehrerin, Schule Schaffhorst-Andersen in Bad NenndorfWeiterbildung zur Systemischen Beraterin, Odenwald Institut2012: Gr\u00fcndung Oton &#8211; die Stimmwerkstatt im Herzen von Gie\u00dfenModerations- und Pr\u00e4sentationstraining f\u00fcr Funk und TV Claudia Velten waschechte Hessin, Jahrgang 1972, lebt mit Mann und Maus auf [&hellip;]<\/p>\n","protected":false},"author":2,"featured_media":0,"parent":0,"menu_order":0,"comment_status":"closed","ping_status":"closed","template":"","meta":{"_et_pb_use_builder":"on","_et_pb_old_content":"","_et_gb_content_width":"","footnotes":""},"class_list":["post-244","page","type-page","status-publish","hentry"],"_links":{"self":[{"href":"https:\/\/archiv.oton-giessen.de\/index.php?rest_route=\/wp\/v2\/pages\/244","targetHints":{"allow":["GET"]}}],"collection":[{"href":"https:\/\/archiv.oton-giessen.de\/index.php?rest_route=\/wp\/v2\/pages"}],"about":[{"href":"https:\/\/archiv.oton-giessen.de\/index.php?rest_route=\/wp\/v2\/types\/page"}],"author":[{"embeddable":true,"href":"https:\/\/archiv.oton-giessen.de\/index.php?rest_route=\/wp\/v2\/users\/2"}],"replies":[{"embeddable":true,"href":"https:\/\/archiv.oton-giessen.de\/index.php?rest_route=%2Fwp%2Fv2%2Fcomments&post=244"}],"version-history":[{"count":46,"href":"https:\/\/archiv.oton-giessen.de\/index.php?rest_route=\/wp\/v2\/pages\/244\/revisions"}],"predecessor-version":[{"id":1050,"href":"https:\/\/archiv.oton-giessen.de\/index.php?rest_route=\/wp\/v2\/pages\/244\/revisions\/1050"}],"wp:attachment":[{"href":"https:\/\/archiv.oton-giessen.de\/index.php?rest_route=%2Fwp%2Fv2%2Fmedia&parent=244"}],"curies":[{"name":"wp","href":"https:\/\/api.w.org\/{rel}","templated":true}]}}