{"id":94,"date":"2018-01-21T10:56:58","date_gmt":"2018-01-21T09:56:58","guid":{"rendered":"https:\/\/archiv.oton-giessen.de\/?page_id=94"},"modified":"2024-08-20T20:51:22","modified_gmt":"2024-08-20T18:51:22","slug":"home","status":"publish","type":"page","link":"https:\/\/archiv.oton-giessen.de\/","title":{"rendered":"Start"},"content":{"rendered":"<p>[et_pb_section fb_built=&#8220;1&#8243; _builder_version=&#8220;3.22&#8243; custom_padding=&#8220;10px|0px|49.5938px|0px&#8220; global_colors_info=&#8220;{}&#8220;][et_pb_row disabled_on=&#8220;on||&#8220; _builder_version=&#8220;3.25&#8243; background_size=&#8220;initial&#8220; background_position=&#8220;top_left&#8220; background_repeat=&#8220;repeat&#8220; custom_padding=&#8220;5px|0px|24.7969px|0px&#8220; global_colors_info=&#8220;{}&#8220;][et_pb_column type=&#8220;4_4&#8243; _builder_version=&#8220;3.25&#8243; custom_padding=&#8220;|||&#8220; global_colors_info=&#8220;{}&#8220; custom_padding__hover=&#8220;|||&#8220;][et_pb_slider show_arrows=&#8220;off&#8220; show_pagination=&#8220;off&#8220; admin_label=&#8220;slider Start&#8220; _builder_version=&#8220;3.16&#8243; header_level=&#8220;h3&#8243; header_font=&#8220;|600|||||||&#8220; header_text_align=&#8220;left&#8220; header_text_color=&#8220;#e02b20&#8243; body_font=&#8220;|700|||||||&#8220; body_text_align=&#8220;left&#8220; body_text_color=&#8220;#e02b20&#8243; text_orientation=&#8220;left&#8220; box_shadow_style=&#8220;preset6&#8243; box_shadow_blur=&#8220;10px&#8220; box_shadow_color=&#8220;rgba(0,0,0,0.1)&#8220; global_colors_info=&#8220;{}&#8220; button_text_size__hover_enabled=&#8220;off&#8220; button_one_text_size__hover_enabled=&#8220;off&#8220; button_two_text_size__hover_enabled=&#8220;off&#8220; button_text_color__hover_enabled=&#8220;off&#8220; button_one_text_color__hover_enabled=&#8220;off&#8220; button_two_text_color__hover_enabled=&#8220;off&#8220; button_border_width__hover_enabled=&#8220;off&#8220; button_one_border_width__hover_enabled=&#8220;off&#8220; button_two_border_width__hover_enabled=&#8220;off&#8220; button_border_color__hover_enabled=&#8220;off&#8220; button_one_border_color__hover_enabled=&#8220;off&#8220; button_two_border_color__hover_enabled=&#8220;off&#8220; button_border_radius__hover_enabled=&#8220;off&#8220; button_one_border_radius__hover_enabled=&#8220;off&#8220; button_two_border_radius__hover_enabled=&#8220;off&#8220; button_letter_spacing__hover_enabled=&#8220;off&#8220; button_one_letter_spacing__hover_enabled=&#8220;off&#8220; button_two_letter_spacing__hover_enabled=&#8220;off&#8220; button_bg_color__hover_enabled=&#8220;off&#8220; button_one_bg_color__hover_enabled=&#8220;off&#8220; button_two_bg_color__hover_enabled=&#8220;off&#8220;][et_pb_slide use_bg_overlay=&#8220;off&#8220; use_text_overlay=&#8220;off&#8220; admin_title=&#8220;slider 01 start&#8220; _builder_version=&#8220;3.16&#8243; background_color=&#8220;#ffffff&#8220; background_image=&#8220;https:\/\/archiv.oton-giessen.de\/wp-content\/uploads\/2018\/05\/start_02.jpg&#8220; button_on_hover=&#8220;on&#8220; background_layout=&#8220;light&#8220; global_colors_info=&#8220;{}&#8220; button_text_size__hover_enabled=&#8220;off&#8220; button_one_text_size__hover_enabled=&#8220;off&#8220; button_two_text_size__hover_enabled=&#8220;off&#8220; button_text_color__hover_enabled=&#8220;off&#8220; button_one_text_color__hover_enabled=&#8220;off&#8220; button_two_text_color__hover_enabled=&#8220;off&#8220; button_border_width__hover_enabled=&#8220;off&#8220; button_one_border_width__hover_enabled=&#8220;off&#8220; button_two_border_width__hover_enabled=&#8220;off&#8220; button_border_color__hover_enabled=&#8220;off&#8220; button_one_border_color__hover_enabled=&#8220;off&#8220; button_two_border_color__hover_enabled=&#8220;off&#8220; button_border_radius__hover_enabled=&#8220;off&#8220; button_one_border_radius__hover_enabled=&#8220;off&#8220; button_two_border_radius__hover_enabled=&#8220;off&#8220; button_letter_spacing__hover_enabled=&#8220;off&#8220; button_one_letter_spacing__hover_enabled=&#8220;off&#8220; button_two_letter_spacing__hover_enabled=&#8220;off&#8220; button_bg_color__hover_enabled=&#8220;off&#8220; button_one_bg_color__hover_enabled=&#8220;off&#8220; button_two_bg_color__hover_enabled=&#8220;off&#8220; sticky_transition=&#8220;on&#8220;]Willkommen bei Oton,<br \/>\nder Stimmwerkstatt im Herzen von Gie\u00dfen!<br \/>\n[\/et_pb_slide][\/et_pb_slider][et_pb_text disabled_on=&#8220;off|off|off&#8220; admin_label=&#8220;Text Startseite&#8220; _builder_version=&#8220;4.14.9&#8243; global_colors_info=&#8220;{}&#8220;]<\/p>\n<p class=\"p3\"><span class=\"s1\">Ich werde oft gefragt, was man tun muss, um zu einer guten Stimme zu kommen oder wie man die eigene Stimme weniger angestrengt und sicherer einsetzen kann.<\/span><\/p>\n<p class=\"p3\"><span class=\"s1\">Die Antworten sind meistens so unterschiedlich, wie die Leute, die mich fragen. Weil unsre Stimmen so einzigartig wie unsere Biographien sind. <\/span><\/p>\n<p class=\"p3\"><span class=\"s1\">Aber wir alle tragen unser Instrument bereits und schon immer in uns. Das heisst, wir k\u00f6nnen es in all seinen Facetten und Ausdrucksm\u00f6glichkeiten kennenlernen oder weiterentwickeln. Damit unser Ausdruck bei den Zuh\u00f6rern einen stimmigen Gesamteindruck hinterl\u00e4sst, braucht es entweder eine gute Portion Talent oder Geduld und Spucke, wie man so sch\u00f6n sagt. <\/span><\/p>\n<p class=\"p3\"><span class=\"s1\">\u00dcber die eigene Stimme und den Atem gewinnen wir letztlich immer auch Selbstvertrauen und damit Sicherheit f\u00fcr das, was wir sind und wer wir sind.<\/span><\/p>\n<p>[\/et_pb_text][\/et_pb_column][\/et_pb_row][et_pb_row disabled_on=&#8220;|on|on&#8220; _builder_version=&#8220;3.25&#8243; background_size=&#8220;initial&#8220; background_position=&#8220;top_left&#8220; background_repeat=&#8220;repeat&#8220; global_colors_info=&#8220;{}&#8220;][et_pb_column type=&#8220;4_4&#8243; _builder_version=&#8220;3.25&#8243; custom_padding=&#8220;|||&#8220; global_colors_info=&#8220;{}&#8220; custom_padding__hover=&#8220;|||&#8220;][et_pb_image src=&#8220;https:\/\/archiv.oton-giessen.de\/wp-content\/uploads\/2018\/06\/start_02_m.jpg&#8220; align_tablet=&#8220;center&#8220; align_phone=&#8220;&#8220; align_last_edited=&#8220;on|desktop&#8220; admin_label=&#8220;Bild M&#8220; _builder_version=&#8220;3.23&#8243; always_center_on_mobile=&#8220;on&#8220; global_colors_info=&#8220;{}&#8220;][\/et_pb_image][et_pb_text admin_label=&#8220;Text Startseite M&#8220; _builder_version=&#8220;3.27.4&#8243; global_colors_info=&#8220;{}&#8220;]<\/p>\n<h4>Willkommen bei Oton,\u00a0der Stimmwerkstatt im Herzen von Gie\u00dfen!<\/h4>\n<p class=\"p3\"><span class=\"s1\">Ich werde oft gefragt, was man tun muss, um zu einer guten Stimme zu kommen oder wie man die eigene Stimme weniger angestrengt und sicherer einsetzen kann.<\/span><\/p>\n<p class=\"p3\"><span class=\"s1\">Die Antworten sind meistens so unterschiedlich, wie die Leute, die mich fragen. Weil unsre Stimmen so einzigartig wie unsere Biographien sind. <\/span><\/p>\n<p class=\"p3\"><span class=\"s1\">Aber wir alle tragen unser Instrument bereits und schon immer in uns. Das heisst, wir k\u00f6nnen es in all seinen Facetten und Ausdrucksm\u00f6glichkeiten kennenlernen oder weiterentwickeln. Damit unser Ausdruck bei den Zuh\u00f6rern einen stimmigen Gesamteindruck hinterl\u00e4sst, braucht es entweder eine gute Portion Talent oder Geduld und Spucke, wie man so sch\u00f6n sagt. <\/span><\/p>\n<p class=\"p3\"><span class=\"s1\">\u00dcber die eigene Stimme und den Atem gewinnen wir letztlich immer auch Selbstvertrauen und damit Sicherheit f\u00fcr das, was wir sind und wer wir sind.<\/span><\/p>\n<p>[\/et_pb_text][\/et_pb_column][\/et_pb_row][\/et_pb_section]<\/p>\n","protected":false},"excerpt":{"rendered":"<p>Willkommen bei Oton, der Stimmwerkstatt im Herzen von Gie\u00dfen! Ich werde oft gefragt, was man tun muss, um zu einer guten Stimme zu kommen oder wie man die eigene Stimme weniger angestrengt und sicherer einsetzen kann. Die Antworten sind meistens so unterschiedlich, wie die Leute, die mich fragen. Weil unsre Stimmen so einzigartig wie unsere [&hellip;]<\/p>\n","protected":false},"author":2,"featured_media":0,"parent":0,"menu_order":0,"comment_status":"closed","ping_status":"closed","template":"","meta":{"_et_pb_use_builder":"on","_et_pb_old_content":"","_et_gb_content_width":"","footnotes":""},"class_list":["post-94","page","type-page","status-publish","hentry"],"_links":{"self":[{"href":"https:\/\/archiv.oton-giessen.de\/index.php?rest_route=\/wp\/v2\/pages\/94","targetHints":{"allow":["GET"]}}],"collection":[{"href":"https:\/\/archiv.oton-giessen.de\/index.php?rest_route=\/wp\/v2\/pages"}],"about":[{"href":"https:\/\/archiv.oton-giessen.de\/index.php?rest_route=\/wp\/v2\/types\/page"}],"author":[{"embeddable":true,"href":"https:\/\/archiv.oton-giessen.de\/index.php?rest_route=\/wp\/v2\/users\/2"}],"replies":[{"embeddable":true,"href":"https:\/\/archiv.oton-giessen.de\/index.php?rest_route=%2Fwp%2Fv2%2Fcomments&post=94"}],"version-history":[{"count":56,"href":"https:\/\/archiv.oton-giessen.de\/index.php?rest_route=\/wp\/v2\/pages\/94\/revisions"}],"predecessor-version":[{"id":1062,"href":"https:\/\/archiv.oton-giessen.de\/index.php?rest_route=\/wp\/v2\/pages\/94\/revisions\/1062"}],"wp:attachment":[{"href":"https:\/\/archiv.oton-giessen.de\/index.php?rest_route=%2Fwp%2Fv2%2Fmedia&parent=94"}],"curies":[{"name":"wp","href":"https:\/\/api.w.org\/{rel}","templated":true}]}}